{"id":797,"date":"2026-02-13T11:32:25","date_gmt":"2026-02-13T09:32:25","guid":{"rendered":"https:\/\/www.refinance.lv\/?page_id=797\/"},"modified":"2026-02-13T11:34:04","modified_gmt":"2026-02-13T09:34:04","slug":"parkreditacijas-kalkulators","status":"publish","type":"page","link":"https:\/\/www.refinance.lv\/ru\/parkreditacijas-kalkulators\/","title":{"rendered":"P\u0101rkredit\u0101cijas kalkulators"},"content":{"rendered":"  <section class=\"rk-wrap rk-v9\" data-currency=\"\u20ac\">\n    <h3 class=\"rk-title\">P\u0101rkredit\u0101cijas sal\u012bdzin\u0101jums<\/h3>\n\n    <div class=\"rk-compare\">\n      <div class=\"rk-panel rk-old\">\n        <h4>Eso\u0161ais aizdevums<\/h4>\n        <label>Atlikus\u012b summa<\/label>\n        <input id=\"old_amount\" type=\"number\" value=\"5000\">\n        <label>Procentu likme (%)<\/label>\n        <input id=\"old_rate\" type=\"number\" value=\"25\">\n        <label>Termi\u0146\u0161 (m\u0113n.)<\/label>\n        <input id=\"old_months\" type=\"number\" value=\"36\">\n      <\/div>\n\n      <div class=\"rk-panel rk-new\">\n        <h4>Jaunais aizdevums<\/h4>\n        <label>Procentu likme (%)<\/label>\n        <input id=\"new_rate\" type=\"number\" value=\"12\">\n        <label>Termi\u0146\u0161 (m\u0113n.)<\/label>\n        <input id=\"new_months\" type=\"number\" value=\"48\">\n        <button id=\"rk_calc\">Sal\u012bdzin\u0101t<\/button>\n      <\/div>\n    <\/div>\n\n    <div class=\"rk-results\">\n      <p>Vecais m\u0113n. maks\u0101jums: <strong id=\"op\">\u2014<\/strong><\/p>\n      <p>Jaunais m\u0113n. maks\u0101jums: <strong id=\"np\">\u2014<\/strong><\/p>\n      <p class=\"rk-save\">Kop\u0113jais ietaup\u012bjums: <strong id=\"save\">\u2014<\/strong><\/p>\n    <\/div>\n  <\/section>\n\n","protected":false},"excerpt":{"rendered":"","protected":false},"author":1,"featured_media":0,"parent":0,"menu_order":0,"comment_status":"closed","ping_status":"closed","template":"","meta":{"footnotes":""},"class_list":["post-797","page","type-page","status-publish","hentry"],"aioseo_notices":[],"_links":{"self":[{"href":"https:\/\/www.refinance.lv\/ru\/wp-json\/wp\/v2\/pages\/797","targetHints":{"allow":["GET"]}}],"collection":[{"href":"https:\/\/www.refinance.lv\/ru\/wp-json\/wp\/v2\/pages"}],"about":[{"href":"https:\/\/www.refinance.lv\/ru\/wp-json\/wp\/v2\/types\/page"}],"author":[{"embeddable":true,"href":"https:\/\/www.refinance.lv\/ru\/wp-json\/wp\/v2\/users\/1"}],"replies":[{"embeddable":true,"href":"https:\/\/www.refinance.lv\/ru\/wp-json\/wp\/v2\/comments?post=797"}],"version-history":[{"count":2,"href":"https:\/\/www.refinance.lv\/ru\/wp-json\/wp\/v2\/pages\/797\/revisions"}],"predecessor-version":[{"id":801,"href":"https:\/\/www.refinance.lv\/ru\/wp-json\/wp\/v2\/pages\/797\/revisions\/801"}],"wp:attachment":[{"href":"https:\/\/www.refinance.lv\/ru\/wp-json\/wp\/v2\/media?parent=797"}],"curies":[{"name":"wp","href":"https:\/\/api.w.org\/{rel}","templated":true}]}}