{"id":9,"date":"2025-03-20T12:46:17","date_gmt":"2025-03-20T10:46:17","guid":{"rendered":"https:\/\/www.refinance.lv\/?page_id=9\/"},"modified":"2025-03-26T13:02:27","modified_gmt":"2025-03-26T11:02:27","slug":"rekviziti","status":"publish","type":"page","link":"https:\/\/www.refinance.lv\/ru\/rekviziti\/","title":{"rendered":"Rekviz\u012bti"},"content":{"rendered":"\n<p>Sabiedr\u012bba ar ierobe\u017eotu atbild\u012bbu \u201cAB SOFTWARE\u201d<\/p>\n\n\n\n<p>Re\u0123istr\u0101cijas numurs: 40103724253<\/p>\n\n\n\n<p>Juridisk\u0101 adrese: R\u012bga, Murj\u0101\u0146u iela 46-60, LV-1064<\/p>\n\n\n\n<p><\/p>\n","protected":false},"excerpt":{"rendered":"<p>Sabiedr\u012bba ar ierobe\u017eotu atbild\u012bbu \u201cAB SOFTWARE\u201d Re\u0123istr\u0101cijas numurs: 40103724253 Juridisk\u0101 adrese: R\u012bga, Murj\u0101\u0146u iela 46-60, LV-1064<\/p>\n","protected":false},"author":1,"featured_media":0,"parent":0,"menu_order":0,"comment_status":"closed","ping_status":"closed","template":"","meta":{"footnotes":""},"class_list":["post-9","page","type-page","status-publish","hentry"],"aioseo_notices":[],"_links":{"self":[{"href":"https:\/\/www.refinance.lv\/ru\/wp-json\/wp\/v2\/pages\/9","targetHints":{"allow":["GET"]}}],"collection":[{"href":"https:\/\/www.refinance.lv\/ru\/wp-json\/wp\/v2\/pages"}],"about":[{"href":"https:\/\/www.refinance.lv\/ru\/wp-json\/wp\/v2\/types\/page"}],"author":[{"embeddable":true,"href":"https:\/\/www.refinance.lv\/ru\/wp-json\/wp\/v2\/users\/1"}],"replies":[{"embeddable":true,"href":"https:\/\/www.refinance.lv\/ru\/wp-json\/wp\/v2\/comments?post=9"}],"version-history":[{"count":1,"href":"https:\/\/www.refinance.lv\/ru\/wp-json\/wp\/v2\/pages\/9\/revisions"}],"predecessor-version":[{"id":10,"href":"https:\/\/www.refinance.lv\/ru\/wp-json\/wp\/v2\/pages\/9\/revisions\/10"}],"wp:attachment":[{"href":"https:\/\/www.refinance.lv\/ru\/wp-json\/wp\/v2\/media?parent=9"}],"curies":[{"name":"wp","href":"https:\/\/api.w.org\/{rel}","templated":true}]}}